{"id":426,"date":"2024-10-15T11:32:07","date_gmt":"2024-10-15T10:32:07","guid":{"rendered":"https:\/\/mustangs.hu\/football\/?page_id=426"},"modified":"2025-02-25T12:30:15","modified_gmt":"2025-02-25T11:30:15","slug":"edzes-helyszin-idopont","status":"publish","type":"page","link":"https:\/\/mustangs.hu\/football\/edzes-helyszin-idopont\/","title":{"rendered":"Edz\u00e9s"},"content":{"rendered":"\n\n<h3>Csatlakozz \u00d6SSZETART\u00d3 csapatunkhoz!<\/h3>\n<p><br><\/p>\n<h3>j\u00f3 hangulat\u00fa, de kem\u00e9ny edz\u00e9seink v\u00e1rnak t\u00e9ged is!<\/h3>\n<p><br><\/p>\n<h3>add le a fesz\u00fclts\u00e9get!<\/h3>\n<p><br><\/p>\n<h3>ha nem vagy fut\u00f3 alkat, v\u00e1r az offense \u00e9s defense fal! b\u00e1rmilyen testalkattal kit\u0171nhetsz.<\/h3>\n<h3 style=\"text-align: center;\"><font color=\"#ffffff\" size=\"4\">a r\u00e9szletek\u00e9rt g\u00f6rgess tov\u00e1bb!<\/font><\/h3>\n\n\n\n\n\n\n<h2>\u00a0amerikai foci edz\u00e9sek<\/h2>\n\n\n\n\n\n\n\n<h3>Edz\u00e9s Helysz\u00edn<\/h3>\n\n\n\n\nA m\u0171f\u00fcves p\u00e1lya mellett z\u00e1rhat\u00f3 \u00f6lt\u00f6z\u0151, tusol\u00f3 tal\u00e1lhat\u00f3.\n\n\n\n\n\n<h3>Edz\u00e9s id\u0151pont<\/h3>\n\n\nMinden Szerd\u00e1n 19.50-22.00 k\u00f6z\u00f6tt.\n\nMinden Vas\u00e1rnap 14.00-16.00 k\u00f6z\u00f6tt.\n\n\n\n\n\n<h3>R\u00e9szv\u00e9tel<\/h3>\n\n\n\nCsak 16 \u00e9ven fel\u00fcli f\u00e9rfiak j\u00e1tszhatnak.<br>\n\n\nK\u00e9nyelmes, meleg, sportol\u00e1sra alkalmas ruh\u00e1ban gyere \u00e9s hozz stoplis cip\u0151t ha van.\n\n\n\n\n\n\n\n\n<h2>\u00a0flag foci edz\u00e9sek<\/h2>\n\n\n\n\n\n\n\n<h4><span style=\"font-weight: 700; font-style: normal; font-variant-ligatures: normal; font-variant-caps: normal; font-size: 16px; font-family: Cabin; text-transform: none; background-color: rgb(255, 255, 255);\">C\u00e9lunk a tavaszi ut\u00e1np\u00f3tl\u00e1s bajnoks\u00e1gban val\u00f3 indul\u00e1s<\/span><br><\/h4>\n\n\n<p><br><\/p>\n\n\n\n9 \u00e9s 15 \u00e9ves kor k\u00f6z\u00f6tt v\u00e1runk minden Fi\u00fat \u00e9s L\u00e1nyt!\n\n\nSeg\u00edts fel\u00e9p\u00edteni \u00fajj\u00e1alakul\u00f3 flag football csapatunkat.\n\n\nVas\u00e1rnaponk\u00e9nt 10.00 &#8211; 12.00.\n\n\nHelysz\u00edn: Tatab\u00e1nya, Jubileum Parki m\u0171f\u00fcves p\u00e1lya.\n\n\n\n\n\n<p>Lorem Ipsum has been the industry&#8217;s standard dummy text ever since the 1500s.<\/p>\n\n\n<p><span style=\"font-family: Cabin; font-size: 16px; font-style: normal; font-variant-ligatures: normal; font-variant-caps: normal; font-weight: 400; color: rgb(187, 187, 187);\">Forr\u00e1s:\u00a0https:\/\/www.gyeresportolni.hu\/<\/span><br><\/p>\n\n\n\n\n\n\n\n\n\n\n\n\n\n\n<h3>sz\u00e1m\u00edt a testalkatom?<\/h3>\n\n\n\nGyakorlatilag nem. Minden magass\u00e1gra \u00e9s s\u00falyra van poz\u00edci\u00f3. \u00datk\u00f6zben kik\u00e9pz\u00fcnk.\n\n\nItt t\u00e9nyleg megtal\u00e1lhatod a helyed. Ez a sport ett\u0151l sz\u00e9p.\n\n\nHa nem szeretsz futni, de szeretn\u00e9d kipr\u00f3b\u00e1lni az er\u0151det, v\u00e1r az Offense \u00e9s a Defense fal!<br>\n\n\nHa szeretsz futni, de nem vagy olyan biztos a labd\u00e1val, v\u00e1r a fut\u00f3 poz\u00edci\u00f3. Ha nagy pofonokat akarsz kiosztani, v\u00e1r a Linebacker poz\u00edci\u00f3!\n\n\nHa gyors vagy, szereted lefutni, hint\u00e1ba \u00fcltetni az ellenfeleid, gyere elkap\u00f3nak!\n\n\nHa szeretn\u00e9d elvenni az elkap\u00f3k kedv\u00e9t a j\u00e1t\u00e9kt\u00f3l, gyere Cornerbacknek vagy Safetynek!\n\n\n\n\n\n\n\n\n<h3>mire sz\u00e1m\u00edtsak?<\/h3>\n\n\n\nJ\u00f3 hangulat\u00fa, de kem\u00e9ny edz\u00e9sekre.\n\n\nMegismered a sport\u00e1g alapjaiat, t\u00f6bb posztot is kipr\u00f3b\u00e1lhatsz.\n\n\nFesz\u00fclts\u00e9g lead\u00e1sra v\u00e9dtelen b\u00e1bukon.\n\n\nAz edz\u00e9sekre biztos\u00edtunk sisakot, v\u00e1llv\u00e9d\u0151t ha elj\u00f6n az ideje.\n\n\n\n\n\n\n\n<h3 style=\"color: rgb(255, 255, 255);\">gyere \u00e9s csatlakozz a mustangs k\u00f6z\u00f6ss\u00e9g\u00e9hez!<\/h3>\n\n<h3 style=\"color: rgb(255, 255, 255);\">nem kell m\u00e1st tenned, csak \u00edrj facebookon, hogy j\u00f6ssz!<\/h3>\n\n\n\n\n\n<h3 style=\"color: rgb(255, 255, 255);\">ismerd meg sPORT\u00c1GAINkat!<\/h3>\n\n\n\n\n\n\n\n\n\n\n\n\n\n\n\n\n\n\n\n\n\n\n\n\n\n","protected":false},"excerpt":{"rendered":"","protected":false},"author":2,"featured_media":0,"parent":0,"menu_order":0,"comment_status":"closed","ping_status":"closed","template":"","meta":{"pagelayer_contact_templates":[],"_pagelayer_content":"","footnotes":""},"class_list":["post-426","page","type-page","status-publish","hentry"],"yoast_head":"<!-- This site is optimized with the Yoast SEO plugin v27.5 - https:\/\/yoast.com\/product\/yoast-seo-wordpress\/ -->\n<title>Csatlakozz - Tatab\u00e1nya Mustangs - V\u00e1gtass Vel\u00fcnk!<\/title>\n<meta name=\"description\" content=\"Csatlakozz a Tatab\u00e1nya Mustangs amerikai foci \u00e9s flag football csapat\u00e1hoz! Olvass r\u00f3lunk, a j\u00e1t\u00e9kr\u00f3l, Try Out lehet\u0151s\u00e9g, edz\u00e9seink nyitottak!\" \/>\n<meta name=\"robots\" content=\"index, follow, max-snippet:-1, max-image-preview:large, max-video-preview:-1\" \/>\n<link rel=\"canonical\" href=\"https:\/\/mustangs.hu\/football\/edzes-helyszin-idopont\/\" \/>\n<meta property=\"og:locale\" content=\"hu_HU\" \/>\n<meta property=\"og:type\" content=\"article\" \/>\n<meta property=\"og:title\" content=\"Csatlakozz - Tatab\u00e1nya Mustangs - V\u00e1gtass Vel\u00fcnk!\" \/>\n<meta property=\"og:description\" content=\"Csatlakozz a Tatab\u00e1nya Mustangs amerikai foci \u00e9s flag football csapat\u00e1hoz! Olvass r\u00f3lunk, a j\u00e1t\u00e9kr\u00f3l, Try Out lehet\u0151s\u00e9g, edz\u00e9seink nyitottak!\" \/>\n<meta property=\"og:url\" content=\"https:\/\/mustangs.hu\/football\/edzes-helyszin-idopont\/\" \/>\n<meta property=\"og:site_name\" content=\"Tatab\u00e1nya Mustangs\" \/>\n<meta property=\"article:publisher\" content=\"https:\/\/www.facebook.com\/Tatabanya.Mustangs\" \/>\n<meta property=\"article:modified_time\" content=\"2025-02-25T11:30:15+00:00\" \/>\n<meta property=\"og:image\" content=\"https:\/\/mustangs.hu\/football\/wp-content\/uploads\/2024\/10\/318155151_584408397021065_1864859903433470936_n-1.jpg\" \/>\n\t<meta property=\"og:image:width\" content=\"1080\" \/>\n\t<meta property=\"og:image:height\" content=\"1080\" \/>\n\t<meta property=\"og:image:type\" content=\"image\/jpeg\" \/>\n<meta name=\"twitter:card\" content=\"summary_large_image\" \/>\n<meta name=\"twitter:label1\" content=\"Becs\u00fclt olvas\u00e1si id\u0151\" \/>\n\t<meta name=\"twitter:data1\" content=\"3 perc\" \/>\n<script type=\"application\/ld+json\" class=\"yoast-schema-graph\">{\"@context\":\"https:\\\/\\\/schema.org\",\"@graph\":[{\"@type\":\"WebPage\",\"@id\":\"https:\\\/\\\/mustangs.hu\\\/football\\\/edzes-helyszin-idopont\\\/\",\"url\":\"https:\\\/\\\/mustangs.hu\\\/football\\\/edzes-helyszin-idopont\\\/\",\"name\":\"Csatlakozz - Tatab\u00e1nya Mustangs - V\u00e1gtass Vel\u00fcnk!\",\"isPartOf\":{\"@id\":\"https:\\\/\\\/mustangs.hu\\\/football\\\/#website\"},\"datePublished\":\"2024-10-15T10:32:07+00:00\",\"dateModified\":\"2025-02-25T11:30:15+00:00\",\"description\":\"Csatlakozz a Tatab\u00e1nya Mustangs amerikai foci \u00e9s flag football csapat\u00e1hoz! Olvass r\u00f3lunk, a j\u00e1t\u00e9kr\u00f3l, Try Out lehet\u0151s\u00e9g, edz\u00e9seink nyitottak!\",\"breadcrumb\":{\"@id\":\"https:\\\/\\\/mustangs.hu\\\/football\\\/edzes-helyszin-idopont\\\/#breadcrumb\"},\"inLanguage\":\"hu\",\"potentialAction\":[{\"@type\":\"ReadAction\",\"target\":[\"https:\\\/\\\/mustangs.hu\\\/football\\\/edzes-helyszin-idopont\\\/\"]}]},{\"@type\":\"BreadcrumbList\",\"@id\":\"https:\\\/\\\/mustangs.hu\\\/football\\\/edzes-helyszin-idopont\\\/#breadcrumb\",\"itemListElement\":[{\"@type\":\"ListItem\",\"position\":1,\"name\":\"Kezd\u0151lap\",\"item\":\"https:\\\/\\\/mustangs.hu\\\/football\\\/\"},{\"@type\":\"ListItem\",\"position\":2,\"name\":\"Edz\u00e9s\"}]},{\"@type\":\"WebSite\",\"@id\":\"https:\\\/\\\/mustangs.hu\\\/football\\\/#website\",\"url\":\"https:\\\/\\\/mustangs.hu\\\/football\\\/\",\"name\":\"Tatab\u00e1nya Mustangs\",\"description\":\"V\u00e1gtass\",\"publisher\":{\"@id\":\"https:\\\/\\\/mustangs.hu\\\/football\\\/#organization\"},\"alternateName\":\"Mustangs\",\"potentialAction\":[{\"@type\":\"SearchAction\",\"target\":{\"@type\":\"EntryPoint\",\"urlTemplate\":\"https:\\\/\\\/mustangs.hu\\\/football\\\/?s={search_term_string}\"},\"query-input\":{\"@type\":\"PropertyValueSpecification\",\"valueRequired\":true,\"valueName\":\"search_term_string\"}}],\"inLanguage\":\"hu\"},{\"@type\":\"Organization\",\"@id\":\"https:\\\/\\\/mustangs.hu\\\/football\\\/#organization\",\"name\":\"Tatab\u00e1nya Mustangs\",\"alternateName\":\"Mustangs\",\"url\":\"https:\\\/\\\/mustangs.hu\\\/football\\\/\",\"logo\":{\"@type\":\"ImageObject\",\"inLanguage\":\"hu\",\"@id\":\"https:\\\/\\\/mustangs.hu\\\/football\\\/#\\\/schema\\\/logo\\\/image\\\/\",\"url\":\"https:\\\/\\\/mustangs.hu\\\/football\\\/wp-content\\\/uploads\\\/2024\\\/10\\\/318155151_584408397021065_1864859903433470936_n-1.jpg\",\"contentUrl\":\"https:\\\/\\\/mustangs.hu\\\/football\\\/wp-content\\\/uploads\\\/2024\\\/10\\\/318155151_584408397021065_1864859903433470936_n-1.jpg\",\"width\":1080,\"height\":1080,\"caption\":\"Tatab\u00e1nya Mustangs\"},\"image\":{\"@id\":\"https:\\\/\\\/mustangs.hu\\\/football\\\/#\\\/schema\\\/logo\\\/image\\\/\"},\"sameAs\":[\"https:\\\/\\\/www.facebook.com\\\/Tatabanya.Mustangs\",\"https:\\\/\\\/www.youtube.com\\\/@Mustangs-oj1wi\",\"https:\\\/\\\/www.instagram.com\\\/tatabanyamustangs\\\/\"]}]}<\/script>\n<!-- \/ Yoast SEO plugin. -->","yoast_head_json":{"title":"Csatlakozz - Tatab\u00e1nya Mustangs - V\u00e1gtass Vel\u00fcnk!","description":"Csatlakozz a Tatab\u00e1nya Mustangs amerikai foci \u00e9s flag football csapat\u00e1hoz! Olvass r\u00f3lunk, a j\u00e1t\u00e9kr\u00f3l, Try Out lehet\u0151s\u00e9g, edz\u00e9seink nyitottak!","robots":{"index":"index","follow":"follow","max-snippet":"max-snippet:-1","max-image-preview":"max-image-preview:large","max-video-preview":"max-video-preview:-1"},"canonical":"https:\/\/mustangs.hu\/football\/edzes-helyszin-idopont\/","og_locale":"hu_HU","og_type":"article","og_title":"Csatlakozz - Tatab\u00e1nya Mustangs - V\u00e1gtass Vel\u00fcnk!","og_description":"Csatlakozz a Tatab\u00e1nya Mustangs amerikai foci \u00e9s flag football csapat\u00e1hoz! Olvass r\u00f3lunk, a j\u00e1t\u00e9kr\u00f3l, Try Out lehet\u0151s\u00e9g, edz\u00e9seink nyitottak!","og_url":"https:\/\/mustangs.hu\/football\/edzes-helyszin-idopont\/","og_site_name":"Tatab\u00e1nya Mustangs","article_publisher":"https:\/\/www.facebook.com\/Tatabanya.Mustangs","article_modified_time":"2025-02-25T11:30:15+00:00","og_image":[{"width":1080,"height":1080,"url":"https:\/\/mustangs.hu\/football\/wp-content\/uploads\/2024\/10\/318155151_584408397021065_1864859903433470936_n-1.jpg","type":"image\/jpeg"}],"twitter_card":"summary_large_image","twitter_misc":{"Becs\u00fclt olvas\u00e1si id\u0151":"3 perc"},"schema":{"@context":"https:\/\/schema.org","@graph":[{"@type":"WebPage","@id":"https:\/\/mustangs.hu\/football\/edzes-helyszin-idopont\/","url":"https:\/\/mustangs.hu\/football\/edzes-helyszin-idopont\/","name":"Csatlakozz - Tatab\u00e1nya Mustangs - V\u00e1gtass Vel\u00fcnk!","isPartOf":{"@id":"https:\/\/mustangs.hu\/football\/#website"},"datePublished":"2024-10-15T10:32:07+00:00","dateModified":"2025-02-25T11:30:15+00:00","description":"Csatlakozz a Tatab\u00e1nya Mustangs amerikai foci \u00e9s flag football csapat\u00e1hoz! Olvass r\u00f3lunk, a j\u00e1t\u00e9kr\u00f3l, Try Out lehet\u0151s\u00e9g, edz\u00e9seink nyitottak!","breadcrumb":{"@id":"https:\/\/mustangs.hu\/football\/edzes-helyszin-idopont\/#breadcrumb"},"inLanguage":"hu","potentialAction":[{"@type":"ReadAction","target":["https:\/\/mustangs.hu\/football\/edzes-helyszin-idopont\/"]}]},{"@type":"BreadcrumbList","@id":"https:\/\/mustangs.hu\/football\/edzes-helyszin-idopont\/#breadcrumb","itemListElement":[{"@type":"ListItem","position":1,"name":"Kezd\u0151lap","item":"https:\/\/mustangs.hu\/football\/"},{"@type":"ListItem","position":2,"name":"Edz\u00e9s"}]},{"@type":"WebSite","@id":"https:\/\/mustangs.hu\/football\/#website","url":"https:\/\/mustangs.hu\/football\/","name":"Tatab\u00e1nya Mustangs","description":"V\u00e1gtass","publisher":{"@id":"https:\/\/mustangs.hu\/football\/#organization"},"alternateName":"Mustangs","potentialAction":[{"@type":"SearchAction","target":{"@type":"EntryPoint","urlTemplate":"https:\/\/mustangs.hu\/football\/?s={search_term_string}"},"query-input":{"@type":"PropertyValueSpecification","valueRequired":true,"valueName":"search_term_string"}}],"inLanguage":"hu"},{"@type":"Organization","@id":"https:\/\/mustangs.hu\/football\/#organization","name":"Tatab\u00e1nya Mustangs","alternateName":"Mustangs","url":"https:\/\/mustangs.hu\/football\/","logo":{"@type":"ImageObject","inLanguage":"hu","@id":"https:\/\/mustangs.hu\/football\/#\/schema\/logo\/image\/","url":"https:\/\/mustangs.hu\/football\/wp-content\/uploads\/2024\/10\/318155151_584408397021065_1864859903433470936_n-1.jpg","contentUrl":"https:\/\/mustangs.hu\/football\/wp-content\/uploads\/2024\/10\/318155151_584408397021065_1864859903433470936_n-1.jpg","width":1080,"height":1080,"caption":"Tatab\u00e1nya Mustangs"},"image":{"@id":"https:\/\/mustangs.hu\/football\/#\/schema\/logo\/image\/"},"sameAs":["https:\/\/www.facebook.com\/Tatabanya.Mustangs","https:\/\/www.youtube.com\/@Mustangs-oj1wi","https:\/\/www.instagram.com\/tatabanyamustangs\/"]}]}},"_links":{"self":[{"href":"https:\/\/mustangs.hu\/football\/wp-json\/wp\/v2\/pages\/426","targetHints":{"allow":["GET"]}}],"collection":[{"href":"https:\/\/mustangs.hu\/football\/wp-json\/wp\/v2\/pages"}],"about":[{"href":"https:\/\/mustangs.hu\/football\/wp-json\/wp\/v2\/types\/page"}],"author":[{"embeddable":true,"href":"https:\/\/mustangs.hu\/football\/wp-json\/wp\/v2\/users\/2"}],"replies":[{"embeddable":true,"href":"https:\/\/mustangs.hu\/football\/wp-json\/wp\/v2\/comments?post=426"}],"version-history":[{"count":97,"href":"https:\/\/mustangs.hu\/football\/wp-json\/wp\/v2\/pages\/426\/revisions"}],"predecessor-version":[{"id":908,"href":"https:\/\/mustangs.hu\/football\/wp-json\/wp\/v2\/pages\/426\/revisions\/908"}],"wp:attachment":[{"href":"https:\/\/mustangs.hu\/football\/wp-json\/wp\/v2\/media?parent=426"}],"curies":[{"name":"wp","href":"https:\/\/api.w.org\/{rel}","templated":true}]}}