{"id":696,"date":"2024-10-18T09:31:04","date_gmt":"2024-10-18T08:31:04","guid":{"rendered":"https:\/\/mustangs.hu\/football\/?page_id=696"},"modified":"2025-02-25T12:33:57","modified_gmt":"2025-02-25T11:33:57","slug":"flag-foci","status":"publish","type":"page","link":"https:\/\/mustangs.hu\/football\/flag-foci\/","title":{"rendered":"Flag foci"},"content":{"rendered":"\n\n\n\n\n\n<h3 style=\"background-color: rgb(187, 187, 187); color: rgb(0, 0, 0);\">a flag focir\u00f3l r\u00f6viden<\/h3>\n<p style=\"font-size: large;\">A flag foci az amerikaifutball m\u00f3dos\u00edtott, non-kontakt v\u00e1ltozata, amely j\u00e1t\u00e9kban a r\u00e9sztvev\u0151k hasonl\u00f3 k\u00e9pess\u00e9geket fejlesztenek \u00e9s taktik\u00e1kat ismernek meg, mint az anyasportban, de testi&nbsp;\u00fctk\u00f6z\u00e9s (kontakt) n\u00e9lk\u00fcl. Mivel az \u00fctk\u00f6z\u00e9s \u00e9s a blokkol\u00e1s nem megengedett, a flag foci testalkatt\u00f3l, nemt\u0151l, kort\u00f3l, el\u0151k\u00e9pzetts\u00e9gt\u0151l f\u00fcggetlen\u00fcl mindenki \u00e1ltal j\u00e1tszhat\u00f3, biztons\u00e1gos sportj\u00e1t\u00e9k. <br>A j\u00e1t\u00e9k \u0171zhet\u0151 szabadid\u0151sportk\u00e9nt \u00e9s versenysportk\u00e9nt egyar\u00e1nt. A szab\u00e1lyok is a biztons\u00e1gos j\u00e1t\u00e9kot szolg\u00e1lj\u00e1k, de v\u00e9letlen \u00fctk\u00f6z\u00e9sek minden sportban el\u0151fordulhatnak, ez\u00e9rt fontos az alapos technika \u00e9s a szab\u00e1lyok betart\u00e1sa, valamint a megfelel\u0151 bemeleg\u00edt\u00e9s \u00e9s a folyamatos figyelem.<\/p>\n<p><span style=\"font-size:large;\">R\u00e9szletek\u00e9rt aj\u00e1nljuk a MAFSZ szab\u00e1lyismertet\u0151 <a style=\"font-weight: bold;\" href=\"https:\/\/mafsz.org\/wp-content\/uploads\/2014\/06\/2012.-05.08.-Flag-football-j%C3%A1t%C3%A9k-le%C3%ADr%C3%A1sa.pdf\">cikk\u00e9t.<\/a><\/span><a style=\"font-weight: bold;\" href=\"https:\/\/mafsz.org\/wp-content\/uploads\/2014\/06\/2012.-05.08.-Flag-football-j%C3%A1t%C3%A9k-le%C3%ADr%C3%A1sa.pdf\"><\/a>&nbsp;<\/p>\n\n\n\n\n<p><span style=\"font-size:large;\">A flag foci egy olyan gyors temp\u00f3j\u00fa, izgalmas, sz\u00f3rakoztat\u00f3, biztons\u00e1gos, olcs\u00f3, k\u00f6nnyen szervezhet\u0151, koeduk\u00e1ltan (fi\u00fak &#8211; l\u00e1nyok k\u00f6z\u00f6sen) is j\u00e1tszhat\u00f3 csapatj\u00e1t\u00e9k, amely az agilit\u00e1s, gyorsas\u00e1g, labda\u00e9rz\u00e9k \u00e9s j\u00e1t\u00e9kintelligencia mellett fejleszti a kooper\u00e1ci\u00f3s \u00e9s koncentr\u00e1ci\u00f3s k\u00e9szs\u00e9geket, valamint a fegyelmet \u00e9s az \u00f6nbizalmat is. A j\u00e1t\u00e9kban r\u00e9sztvev\u0151k testi adotts\u00e1ga alapj\u00e1n tudnak a megfelel\u0151 posztokon a csapatba illeszkedve, annak r\u00e9sz\u00e9v\u00e9 v\u00e1lni, a j\u00e1t\u00e9kot j\u00e1tszani.<\/span><br><\/p>\n\n\n\n\n\n\n\n<h3 style=\"background-color: rgb(187, 187, 187); color: rgb(255, 255, 255);\"><strong>Gyere flag focizni<\/strong><\/h3>\n\n\n<span style=\"font-family: Cabin; font-size: 16px; font-style: normal; font-variant-ligatures: normal; font-variant-caps: normal; font-weight: 400;\">9 \u00e9s 15 \u00e9v k\u00f6z\u00f6tti fi\u00fakat \u00e9s l\u00e1nyokat is v\u00e1runk.<\/span>\n\n\n<span style=\"font-family: Cabin; font-size: 16px; font-style: normal; font-variant-ligatures: normal; font-variant-caps: normal; font-weight: 400;\">Ha \u00e9rdekelnek a sport\u00e1g alapjai, mozg\u00e1skult\u00far\u00e1ja.<\/span>\n\n\n<span style=\"font-family: Cabin; font-size: 16px; font-style: normal; font-variant-ligatures: normal; font-variant-caps: normal; font-weight: 400;\">Biztons\u00e1gosabb keretek k\u00f6z\u00f6tt focizhatsz.<\/span>\n\n\n<span style=\"font-family: Cabin; font-size: 16px; font-style: normal; font-variant-ligatures: normal; font-variant-caps: normal; font-weight: 400;\">Egy bar\u00e1ti \u00e9s \u00f6sszetart\u00f3 k\u00f6z\u00f6ss\u00e9gbe tartozhatsz.<\/span><br>\n\n\nAdd le a felgy\u00fclemlett energi\u00e1d!\n\n\nBiztons\u00e1gosabb, kontakt n\u00e9lk\u00fcli sport!\n\n\n\n<h3 style=\"background-color: rgb(187, 187, 187); color: rgb(255, 255, 255);\"><strong>flag foci edz\u00e9seink folyamatosan nyitottak!<\/strong><\/h3>\n\n\n\n<h3 style=\"background-color: rgb(187, 187, 187); color: rgb(255, 255, 255);\"><strong>r\u00e9szletek\u00e9rt kattints a <em>szalagra!<\/em><\/strong><\/h3>\n\n\n\n\n\n\n\n\n<h3>c\u00e9lunk<\/h3>\n\n\n\n<i class=\"fa fa-quote-left\"><\/i>&nbsp;Egy bar\u00e1ti \u00e9s j\u00f3 k\u00f6z\u00f6ss\u00e9g fenntart\u00e1sa, a j\u00e1t\u00e9k ir\u00e1nt \u00e9rzett szenved\u00e9ly\u00fcnk ki\u00e9l\u00e9se, a versenyk\u00e9pess\u00e9g fenntart\u00e1sa \u00e9s a sport\u00e1g elterjeszt\u00e9se \u00e9s megszerettet\u00e9se a c\u00e9lunk!&nbsp;<i class=\"fa fa-quote-right\"><\/i>\n\n\n\n\n\n\n<h3>J\u00e1t\u00e9kos poz\u00edci\u00f3k<\/h3>\n\n\n\n<h3 [object NamedNodeMap]>Az Offenser\u0151l<\/h3>\n\n\n\u00c9p\u00edteni \u00f6r\u00f6m&#8230;\n\n\n<p>Az Offense c\u00e9lja a pontszerz\u00e9s. Ha passzal vagy fut\u00e1ssal siker\u00fcl bejuttatni a labd\u00e1t az ellenf\u00e9l c\u00e9lter\u00fclet\u00e9re, akkor az adott csapat Touchdownt (TD-t) szerez \u00e9s jogosult ut\u00e1na egy extra pont k\u00eds\u00e9rletre. Az amerikai focival ellent\u00e9tben itt nincs r\u00fag\u00e1s.<\/p>\n\n\n1 Extra pont\u00e9rt a k\u00eds\u00e9rletet az 5 yardos vonalr\u00f3l, m\u00edg 2 pontos extra pont\u00e9rt a k\u00eds\u00e9rletet a 12 yardos vonalr\u00f3l lehet ind\u00edtani.&nbsp;\n\n\n<p>Az Offenseben 4 f\u0151 j\u00e1t\u00e9koscsoport van, aminek a vari\u00e1ci\u00f3it most nem fogjuk t\u00e1rgyalni.<\/p>\n\n\n\nCenter (C)\n\n\nIr\u00e1ny\u00edt\u00f3 (Quarterback, QB)\n\n\nFut\u00f3 (Running Back, RB)\n\n\nElkap\u00f3 (Wide Receiver, WR)\n\n\n\n<p><strong>a) Ir\u00e1ny\u00edt\u00f3 (quarterback, QB)<\/strong><br>A t\u00e1mad\u00f3egys\u00e9g kapit\u00e1nya, aki a j\u00e1t\u00e9kokat beh\u00edvja \u00e9s elind\u00edtja. A centert\u0151l kapott labd\u00e1t dobva<br>passzolhatja, vagy tov\u00e1bbadhatja egy fut\u00f3nak.<br><\/p>\n\n\n<p><strong>b) Center (C)<\/strong><br>A labd\u00e1t adja fel az ir\u00e1ny\u00edt\u00f3nak (snap). Ezut\u00e1n elindulhat el\u0151re passzt elkapni.<br><\/p>\n\n\n<p><strong>c) Elkap\u00f3 (wide receiver, WR)\u00a0<\/strong>Passzok elkap\u00e1sa illetve fut\u00e1s a feladata. Ak\u00e1r 3 db elkap\u00f3 is fel\u00e1llhat egyszerre a t\u00e1mad\u00f3<br>csapatban.<br><\/p>\n\n\n<p><strong>d) Fut\u00f3 (running back, RB)<\/strong><br>Az ir\u00e1ny\u00edt\u00f3 m\u00f6g\u00f6tt vagy mellett \u00e1ll fel \u00e9s \u00e1ltal\u00e1ban az ir\u00e1ny\u00edt\u00f3t\u00f3l kapott labd\u00e1val fut, de<br>passzokat is elkaphat.\u00a0<br><\/p>\n\n\n\n\n\n<h3 [object=\"\" namednodemap]=\"\">A Defensr\u0151l<\/h3>\n<i class=\"fa fa-quote-left\"><\/i>\n\t\t\t\t\t\nPuszt\u00edtani \u00e9lvezet&#8230;\n\n\t\t\t\t\t<i class=\"fa fa-quote-right\"><\/i>\n<p><span style=\"font-size:large;\">Feladatuk a t\u00e1mad\u00f3j\u00e1t\u00e9kosok meg\u00e1ll\u00edt\u00e1sa \u00e9s a labdabirtokl\u00e1s jog\u00e1nak megszerz\u00e9se a\nt\u00e1mad\u00f3j\u00e1t\u00e9kos z\u00e1szl\u00f3j\u00e1nak elt\u00e1vol\u00edt\u00e1s\u00e1val (szerel\u00e9s) illetve t\u00e1mad\u00f3passzok megakad\u00e1lyoz\u00e1s\u00e1val\n(labda le\u00fct\u00e9se vagy elkap\u00e1sa a t\u00e1mad\u00f3j\u00e1t\u00e9kos el\u0151tt)<\/span>.<\/p>\n<p><strong>V\u00e9d\u0151 (defensive back), DB<\/strong><\/p>\n<p><strong><\/strong>A flag footballban minden v\u00e9d\u0151 poz\u00edci\u00f3ja ez.<\/p>\n&nbsp;Egy vagy t\u00f6bb v\u00e9d\u0151t lehet \u00fagynevezett rohamra k\u00fcldeni, azaz a labdaind\u00edt\u00e1s ut\u00e1n a scrimmage\nvonalon \u00e1tfutva az ir\u00e1ny\u00edt\u00f3t vagy fut\u00f3t szerelni, ilyenkor megnevez\u00e9s\u00fck rohamoz\u00f3 (rusher).\n\n\n\n\n\n<h3>A j\u00e1t\u00e9k menete<\/h3>\n\n<p><span style=\"font-size:large;\">Az \u00e9rmefeldob\u00e1ssal meghat\u00e1rozott, els\u0151k\u00e9nt t\u00e1mad\u00f3 csapat a saj\u00e1t 5-yardos vonal\u00e1t\u00f3l indulva 4 k\u00eds\u00e9rlet alatt kell \u00e1tjutnia a f\u00e9lp\u00e1ly\u00e1n. Ha ez siker\u00fcl, tov\u00e1bbi 3 k\u00eds\u00e9rlete van arra, hogy&nbsp;touchdown<span style=\"\"><span style=\"\"><\/span><\/span>t \u00e9rjen el, azaz \u00e1tjuttassa a labd\u00e1t az ellenf\u00e9l g\u00f3lvonal\u00e1n passz vagy fut\u00f3 j\u00e1t\u00e9kkal.<br>Ha ez a 4 k\u00eds\u00e9rletb\u0151l nem siker\u00fcl, a labdabirtokl\u00e1s joga \u00e1tsz\u00e1ll a m\u00e1sik csapatra, amely a saj\u00e1t 5-yardos vonal\u00e1t\u00f3l indulva ugyanezen szab\u00e1lyok szerint haladhat az ellenf\u00e9l c\u00e9lter\u00fclete fel\u00e9.<\/span><br><\/p>\n<p><span style=\"font-size:large;\">A labd\u00e1t az ind\u00edt\u00e1s vonal\u00e1t\u00f3l a center adja fel az ir\u00e1ny\u00edt\u00f3nak, aki ezut\u00e1n \u00e1tadhatja egy fut\u00f3j\u00e1t\u00e9kosnak, vagy passzolhat az elkap\u00f3knak \u2013 el\u0151refel\u00e9 egy k\u00eds\u00e9rleten bel\u00fcl egyszer lehet passzolni, ha ez megt\u00f6rt\u00e9nt tov\u00e1bbi passzok csak oldalra vagy h\u00e1trafel\u00e9 ir\u00e1nyulhatnak.<\/span><br><\/p>\n\n\n\n\n\n\n\n\n\n\n\n\n\n\n\n<h3>gyere \u00e9s csatlakozz a mustangs k\u00f6z\u00f6ss\u00e9g\u00e9hez!<\/h3>\n\n<h3>nem kell m\u00e1st tenned, csak \u00edrj facebookon, hogy j\u00f6ssz!<\/h3>\n\n\n\n\n","protected":false},"excerpt":{"rendered":"","protected":false},"author":2,"featured_media":0,"parent":0,"menu_order":0,"comment_status":"closed","ping_status":"closed","template":"","meta":{"pagelayer_contact_templates":[],"_pagelayer_content":"","footnotes":""},"class_list":["post-696","page","type-page","status-publish","hentry"],"yoast_head":"<!-- This site is optimized with the Yoast SEO plugin v27.5 - https:\/\/yoast.com\/product\/yoast-seo-wordpress\/ -->\n<title>Flag foci &#8211; Tatab\u00e1nya Mustangs - V\u00e1gtass Vel\u00fcnk!<\/title>\n<meta name=\"description\" content=\"Csatlakozz a Tatab\u00e1nya Mustangs amerikai foci \u00e9s flag football csapat\u00e1hoz! Olvass r\u00f3lunk, a j\u00e1t\u00e9kr\u00f3l, az edz\u00e9sekr\u0151l, t\u00f6rt\u00e9nelmunkr\u0151l.\" \/>\n<meta name=\"robots\" content=\"index, follow, max-snippet:-1, max-image-preview:large, max-video-preview:-1\" \/>\n<link rel=\"canonical\" href=\"https:\/\/mustangs.hu\/football\/flag-foci\/\" \/>\n<meta property=\"og:locale\" content=\"hu_HU\" \/>\n<meta property=\"og:type\" content=\"article\" \/>\n<meta property=\"og:title\" content=\"Flag foci &#8211; Tatab\u00e1nya Mustangs - V\u00e1gtass Vel\u00fcnk!\" \/>\n<meta property=\"og:description\" content=\"Csatlakozz a Tatab\u00e1nya Mustangs amerikai foci \u00e9s flag football csapat\u00e1hoz! Olvass r\u00f3lunk, a j\u00e1t\u00e9kr\u00f3l, az edz\u00e9sekr\u0151l, t\u00f6rt\u00e9nelmunkr\u0151l.\" \/>\n<meta property=\"og:url\" content=\"https:\/\/mustangs.hu\/football\/flag-foci\/\" \/>\n<meta property=\"og:site_name\" content=\"Tatab\u00e1nya Mustangs\" \/>\n<meta property=\"article:publisher\" content=\"https:\/\/www.facebook.com\/Tatabanya.Mustangs\" \/>\n<meta property=\"article:modified_time\" content=\"2025-02-25T11:33:57+00:00\" \/>\n<meta property=\"og:image\" content=\"https:\/\/mustangs.hu\/football\/wp-content\/uploads\/2024\/10\/318155151_584408397021065_1864859903433470936_n-1.jpg\" \/>\n\t<meta property=\"og:image:width\" content=\"1080\" \/>\n\t<meta property=\"og:image:height\" content=\"1080\" \/>\n\t<meta property=\"og:image:type\" content=\"image\/jpeg\" \/>\n<meta name=\"twitter:card\" content=\"summary_large_image\" \/>\n<meta name=\"twitter:label1\" content=\"Becs\u00fclt olvas\u00e1si id\u0151\" \/>\n\t<meta name=\"twitter:data1\" content=\"4 perc\" \/>\n<script type=\"application\/ld+json\" class=\"yoast-schema-graph\">{\"@context\":\"https:\\\/\\\/schema.org\",\"@graph\":[{\"@type\":\"WebPage\",\"@id\":\"https:\\\/\\\/mustangs.hu\\\/football\\\/flag-foci\\\/\",\"url\":\"https:\\\/\\\/mustangs.hu\\\/football\\\/flag-foci\\\/\",\"name\":\"Flag foci &#8211; Tatab\u00e1nya Mustangs - V\u00e1gtass Vel\u00fcnk!\",\"isPartOf\":{\"@id\":\"https:\\\/\\\/mustangs.hu\\\/football\\\/#website\"},\"datePublished\":\"2024-10-18T08:31:04+00:00\",\"dateModified\":\"2025-02-25T11:33:57+00:00\",\"description\":\"Csatlakozz a Tatab\u00e1nya Mustangs amerikai foci \u00e9s flag football csapat\u00e1hoz! Olvass r\u00f3lunk, a j\u00e1t\u00e9kr\u00f3l, az edz\u00e9sekr\u0151l, t\u00f6rt\u00e9nelmunkr\u0151l.\",\"breadcrumb\":{\"@id\":\"https:\\\/\\\/mustangs.hu\\\/football\\\/flag-foci\\\/#breadcrumb\"},\"inLanguage\":\"hu\",\"potentialAction\":[{\"@type\":\"ReadAction\",\"target\":[\"https:\\\/\\\/mustangs.hu\\\/football\\\/flag-foci\\\/\"]}]},{\"@type\":\"BreadcrumbList\",\"@id\":\"https:\\\/\\\/mustangs.hu\\\/football\\\/flag-foci\\\/#breadcrumb\",\"itemListElement\":[{\"@type\":\"ListItem\",\"position\":1,\"name\":\"Kezd\u0151lap\",\"item\":\"https:\\\/\\\/mustangs.hu\\\/football\\\/\"},{\"@type\":\"ListItem\",\"position\":2,\"name\":\"Flag foci\"}]},{\"@type\":\"WebSite\",\"@id\":\"https:\\\/\\\/mustangs.hu\\\/football\\\/#website\",\"url\":\"https:\\\/\\\/mustangs.hu\\\/football\\\/\",\"name\":\"Tatab\u00e1nya Mustangs\",\"description\":\"V\u00e1gtass\",\"publisher\":{\"@id\":\"https:\\\/\\\/mustangs.hu\\\/football\\\/#organization\"},\"alternateName\":\"Mustangs\",\"potentialAction\":[{\"@type\":\"SearchAction\",\"target\":{\"@type\":\"EntryPoint\",\"urlTemplate\":\"https:\\\/\\\/mustangs.hu\\\/football\\\/?s={search_term_string}\"},\"query-input\":{\"@type\":\"PropertyValueSpecification\",\"valueRequired\":true,\"valueName\":\"search_term_string\"}}],\"inLanguage\":\"hu\"},{\"@type\":\"Organization\",\"@id\":\"https:\\\/\\\/mustangs.hu\\\/football\\\/#organization\",\"name\":\"Tatab\u00e1nya Mustangs\",\"alternateName\":\"Mustangs\",\"url\":\"https:\\\/\\\/mustangs.hu\\\/football\\\/\",\"logo\":{\"@type\":\"ImageObject\",\"inLanguage\":\"hu\",\"@id\":\"https:\\\/\\\/mustangs.hu\\\/football\\\/#\\\/schema\\\/logo\\\/image\\\/\",\"url\":\"https:\\\/\\\/mustangs.hu\\\/football\\\/wp-content\\\/uploads\\\/2024\\\/10\\\/318155151_584408397021065_1864859903433470936_n-1.jpg\",\"contentUrl\":\"https:\\\/\\\/mustangs.hu\\\/football\\\/wp-content\\\/uploads\\\/2024\\\/10\\\/318155151_584408397021065_1864859903433470936_n-1.jpg\",\"width\":1080,\"height\":1080,\"caption\":\"Tatab\u00e1nya Mustangs\"},\"image\":{\"@id\":\"https:\\\/\\\/mustangs.hu\\\/football\\\/#\\\/schema\\\/logo\\\/image\\\/\"},\"sameAs\":[\"https:\\\/\\\/www.facebook.com\\\/Tatabanya.Mustangs\",\"https:\\\/\\\/www.youtube.com\\\/@Mustangs-oj1wi\",\"https:\\\/\\\/www.instagram.com\\\/tatabanyamustangs\\\/\"]}]}<\/script>\n<!-- \/ Yoast SEO plugin. -->","yoast_head_json":{"title":"Flag foci &#8211; Tatab\u00e1nya Mustangs - V\u00e1gtass Vel\u00fcnk!","description":"Csatlakozz a Tatab\u00e1nya Mustangs amerikai foci \u00e9s flag football csapat\u00e1hoz! Olvass r\u00f3lunk, a j\u00e1t\u00e9kr\u00f3l, az edz\u00e9sekr\u0151l, t\u00f6rt\u00e9nelmunkr\u0151l.","robots":{"index":"index","follow":"follow","max-snippet":"max-snippet:-1","max-image-preview":"max-image-preview:large","max-video-preview":"max-video-preview:-1"},"canonical":"https:\/\/mustangs.hu\/football\/flag-foci\/","og_locale":"hu_HU","og_type":"article","og_title":"Flag foci &#8211; Tatab\u00e1nya Mustangs - V\u00e1gtass Vel\u00fcnk!","og_description":"Csatlakozz a Tatab\u00e1nya Mustangs amerikai foci \u00e9s flag football csapat\u00e1hoz! Olvass r\u00f3lunk, a j\u00e1t\u00e9kr\u00f3l, az edz\u00e9sekr\u0151l, t\u00f6rt\u00e9nelmunkr\u0151l.","og_url":"https:\/\/mustangs.hu\/football\/flag-foci\/","og_site_name":"Tatab\u00e1nya Mustangs","article_publisher":"https:\/\/www.facebook.com\/Tatabanya.Mustangs","article_modified_time":"2025-02-25T11:33:57+00:00","og_image":[{"width":1080,"height":1080,"url":"https:\/\/mustangs.hu\/football\/wp-content\/uploads\/2024\/10\/318155151_584408397021065_1864859903433470936_n-1.jpg","type":"image\/jpeg"}],"twitter_card":"summary_large_image","twitter_misc":{"Becs\u00fclt olvas\u00e1si id\u0151":"4 perc"},"schema":{"@context":"https:\/\/schema.org","@graph":[{"@type":"WebPage","@id":"https:\/\/mustangs.hu\/football\/flag-foci\/","url":"https:\/\/mustangs.hu\/football\/flag-foci\/","name":"Flag foci &#8211; Tatab\u00e1nya Mustangs - V\u00e1gtass Vel\u00fcnk!","isPartOf":{"@id":"https:\/\/mustangs.hu\/football\/#website"},"datePublished":"2024-10-18T08:31:04+00:00","dateModified":"2025-02-25T11:33:57+00:00","description":"Csatlakozz a Tatab\u00e1nya Mustangs amerikai foci \u00e9s flag football csapat\u00e1hoz! Olvass r\u00f3lunk, a j\u00e1t\u00e9kr\u00f3l, az edz\u00e9sekr\u0151l, t\u00f6rt\u00e9nelmunkr\u0151l.","breadcrumb":{"@id":"https:\/\/mustangs.hu\/football\/flag-foci\/#breadcrumb"},"inLanguage":"hu","potentialAction":[{"@type":"ReadAction","target":["https:\/\/mustangs.hu\/football\/flag-foci\/"]}]},{"@type":"BreadcrumbList","@id":"https:\/\/mustangs.hu\/football\/flag-foci\/#breadcrumb","itemListElement":[{"@type":"ListItem","position":1,"name":"Kezd\u0151lap","item":"https:\/\/mustangs.hu\/football\/"},{"@type":"ListItem","position":2,"name":"Flag foci"}]},{"@type":"WebSite","@id":"https:\/\/mustangs.hu\/football\/#website","url":"https:\/\/mustangs.hu\/football\/","name":"Tatab\u00e1nya Mustangs","description":"V\u00e1gtass","publisher":{"@id":"https:\/\/mustangs.hu\/football\/#organization"},"alternateName":"Mustangs","potentialAction":[{"@type":"SearchAction","target":{"@type":"EntryPoint","urlTemplate":"https:\/\/mustangs.hu\/football\/?s={search_term_string}"},"query-input":{"@type":"PropertyValueSpecification","valueRequired":true,"valueName":"search_term_string"}}],"inLanguage":"hu"},{"@type":"Organization","@id":"https:\/\/mustangs.hu\/football\/#organization","name":"Tatab\u00e1nya Mustangs","alternateName":"Mustangs","url":"https:\/\/mustangs.hu\/football\/","logo":{"@type":"ImageObject","inLanguage":"hu","@id":"https:\/\/mustangs.hu\/football\/#\/schema\/logo\/image\/","url":"https:\/\/mustangs.hu\/football\/wp-content\/uploads\/2024\/10\/318155151_584408397021065_1864859903433470936_n-1.jpg","contentUrl":"https:\/\/mustangs.hu\/football\/wp-content\/uploads\/2024\/10\/318155151_584408397021065_1864859903433470936_n-1.jpg","width":1080,"height":1080,"caption":"Tatab\u00e1nya Mustangs"},"image":{"@id":"https:\/\/mustangs.hu\/football\/#\/schema\/logo\/image\/"},"sameAs":["https:\/\/www.facebook.com\/Tatabanya.Mustangs","https:\/\/www.youtube.com\/@Mustangs-oj1wi","https:\/\/www.instagram.com\/tatabanyamustangs\/"]}]}},"_links":{"self":[{"href":"https:\/\/mustangs.hu\/football\/wp-json\/wp\/v2\/pages\/696","targetHints":{"allow":["GET"]}}],"collection":[{"href":"https:\/\/mustangs.hu\/football\/wp-json\/wp\/v2\/pages"}],"about":[{"href":"https:\/\/mustangs.hu\/football\/wp-json\/wp\/v2\/types\/page"}],"author":[{"embeddable":true,"href":"https:\/\/mustangs.hu\/football\/wp-json\/wp\/v2\/users\/2"}],"replies":[{"embeddable":true,"href":"https:\/\/mustangs.hu\/football\/wp-json\/wp\/v2\/comments?post=696"}],"version-history":[{"count":37,"href":"https:\/\/mustangs.hu\/football\/wp-json\/wp\/v2\/pages\/696\/revisions"}],"predecessor-version":[{"id":910,"href":"https:\/\/mustangs.hu\/football\/wp-json\/wp\/v2\/pages\/696\/revisions\/910"}],"wp:attachment":[{"href":"https:\/\/mustangs.hu\/football\/wp-json\/wp\/v2\/media?parent=696"}],"curies":[{"name":"wp","href":"https:\/\/api.w.org\/{rel}","templated":true}]}}